{"id":6284,"date":"2023-01-09T15:56:47","date_gmt":"2023-01-09T15:56:47","guid":{"rendered":"https:\/\/www.imagenesmdq.com\/intranet\/?page_id=6284"},"modified":"2023-02-17T17:23:32","modified_gmt":"2023-02-17T17:23:32","slug":"publicaciones-cientificas","status":"publish","type":"page","link":"https:\/\/www.imagenesmdq.com\/web\/publicaciones-cientificas\/","title":{"rendered":"Publicaciones Cient\u00edficas"},"content":{"rendered":"\t\t<div data-elementor-type=\"wp-page\" data-elementor-id=\"6284\" class=\"elementor elementor-6284\">\n\t\t\t\t\t\t<section class=\"elementor-section elementor-top-section elementor-element elementor-element-b50b084 elementor-section-boxed elementor-section-height-default elementor-section-height-default exad-glass-effect-no exad-sticky-section-no\" data-id=\"b50b084\" data-element_type=\"section\">\n\t\t\t\t\t\t<div class=\"elementor-container elementor-column-gap-default\">\n\t\t\t\t\t<div class=\"elementor-column elementor-col-100 elementor-top-column elementor-element elementor-element-517d451 exad-glass-effect-no exad-sticky-section-no\" data-id=\"517d451\" data-element_type=\"column\">\n\t\t\t<div class=\"elementor-widget-wrap elementor-element-populated\">\n\t\t\t\t\t\t<div class=\"elementor-element elementor-element-abaff98 exad-sticky-section-no exad-glass-effect-no elementor-widget elementor-widget-heading\" data-id=\"abaff98\" data-element_type=\"widget\" data-widget_type=\"heading.default\">\n\t\t\t\t<div class=\"elementor-widget-container\">\n\t\t\t\t\t<h2 class=\"elementor-heading-title elementor-size-default\">Les acercamos informaci\u00f3n cient\u00edfica desarrollada por nuestros especialistas en Diagn\u00f3stico por Im\u00e1genes.<\/h2>\t\t\t\t<\/div>\n\t\t\t\t<\/div>\n\t\t\t\t\t<\/div>\n\t\t<\/div>\n\t\t\t\t\t<\/div>\n\t\t<\/section>\n\t\t\t\t<section class=\"elementor-section elementor-top-section elementor-element elementor-element-806d1b3 elementor-section-boxed elementor-section-height-default elementor-section-height-default exad-glass-effect-no exad-sticky-section-no\" data-id=\"806d1b3\" data-element_type=\"section\">\n\t\t\t\t\t\t<div class=\"elementor-container elementor-column-gap-no\">\n\t\t\t\t\t<div class=\"elementor-column elementor-col-100 elementor-top-column elementor-element elementor-element-67a1a25 exad-glass-effect-no exad-sticky-section-no\" data-id=\"67a1a25\" data-element_type=\"column\">\n\t\t\t<div class=\"elementor-widget-wrap elementor-element-populated\">\n\t\t\t\t\t\t<div class=\"elementor-element elementor-element-6128370 exad-sticky-section-no exad-glass-effect-no elementor-widget elementor-widget-tfposts\" data-id=\"6128370\" data-element_type=\"widget\" data-widget_type=\"tfposts.default\">\n\t\t\t\t<div class=\"elementor-widget-container\">\n\t\t\t\t\t\t\t\t<div id=\"tf-posts-6128370\" class=\"tf-posts style1 column-2 tablet-column-2 mobile-column-1 no-carousel\" data-tabid=\"6128370\" data-loop=\"\" data-auto=\"\" data-column=\"\" data-column2=\"\" data-column3=\"\" data-prev_icon=\"\" data-next_icon=\"\" data-arrow=\"\" data-bullets=\"\" >\n\t\t\t\t\t\t\t\t\t\t\t\t\t\t\t\n\t\t\t\t\t\t<div class=\"item\">\n\t\t\t\t\t\t\t<div class=\"entry blog-post\">\n\t\t\t\t\t\t\t\t\t\t\t\t\t\t\t\t\n\t\t\t\t\t\t\t\t\t<div class=\"featured-post\">\n\t\t\t\t\t\t\t\t\t\t<a href=\"https:\/\/www.imagenesmdq.com\/web\/biopsia-pulmonar\/\">\n\t\t\t\t\t\t\t\t\t\t\t<img decoding=\"async\" src=\"https:\/\/www.imagenesmdq.com\/web\/wp-content\/uploads\/2023\/01\/pc_ross_biopsia.jpg\" alt=\"image\">\t\t\t\t\t\t\t\t\t\t<\/a>\n\t\t\t\t\t\t\t\t\t<\/div>\n\t\t\t\t\t\t\t\t\n\t\t\t\t\t\t\t\t\t\n\n\t\t\t\t\t\t\t\t\n\t\t\t\t\t\t\t\t<div class=\"content\">\n\t\t\t\t\t\t\t\t\t\n\t\t\t\t\t\t\t\t\t\t\n\n\t\t\t\t\t\t\t\t\t\t\t\t\t\t\t\t\t\t\t<h2 class=\"title\"><a href=\"https:\/\/www.imagenesmdq.com\/web\/biopsia-pulmonar\/\" title=\"Biopsia Pulmonar\">Biopsia Pulmonar<\/a><\/h2>\n\t\t\t\t\t\t\t\t\t\t\t\t\t\t\t\t\t\t\t\t\t\t\n\t\t\t\t\t\t\t\t\t\n\t\t\t\t\t\t\t\t\t\n\t\t\t\t\t\t\t\t\t\t\t\t\t\t\t\t\t\t\n\t\t\t\t\t\t\t\t\t\t\t\t\t\t\t\t\t\t\t<div class=\"tf-button-container\">\n\t\t\t\t\t\t\t\t\t\t\t<a href=\"https:\/\/www.imagenesmdq.com\/web\/biopsia-pulmonar\/\" class=\"tf-button\">Seguir Leyendo &gt;<\/a>\n\t\t\t\t\t\t\t\t\t\t<\/div>\n\t\t\t\t\t\t\t\t\t\t\n\t\t\t\t\t\t\t\t\t\n\t\t\t\t\t\t\t\t\t\t\t\t\t\t\t\t\t<\/div>\t\t\t\t\t\t\n\t\t\t\t\t\t\t<\/div>\n\t\t\t\t\t\t<\/div>\t\t\t\t\t\t\n\t\t\t\t\t\t\t\t\t\t\t\n\t\t\t\t\t\t<div class=\"item\">\n\t\t\t\t\t\t\t<div class=\"entry blog-post\">\n\t\t\t\t\t\t\t\t\t\t\t\t\t\t\t\t\n\t\t\t\t\t\t\t\t\t<div class=\"featured-post\">\n\t\t\t\t\t\t\t\t\t\t<a href=\"https:\/\/www.imagenesmdq.com\/web\/resonancia-magnetica\/\">\n\t\t\t\t\t\t\t\t\t\t\t<img decoding=\"async\" src=\"https:\/\/www.imagenesmdq.com\/web\/wp-content\/uploads\/2023\/01\/pc_matteoda_reso.jpg\" alt=\"image\">\t\t\t\t\t\t\t\t\t\t<\/a>\n\t\t\t\t\t\t\t\t\t<\/div>\n\t\t\t\t\t\t\t\t\n\t\t\t\t\t\t\t\t\t\n\n\t\t\t\t\t\t\t\t\n\t\t\t\t\t\t\t\t<div class=\"content\">\n\t\t\t\t\t\t\t\t\t\n\t\t\t\t\t\t\t\t\t\t\n\n\t\t\t\t\t\t\t\t\t\t\t\t\t\t\t\t\t\t\t<h2 class=\"title\"><a href=\"https:\/\/www.imagenesmdq.com\/web\/resonancia-magnetica\/\" title=\"Resonancia Magn\u00e9tica\">Resonancia Magn\u00e9tica<\/a><\/h2>\n\t\t\t\t\t\t\t\t\t\t\t\t\t\t\t\t\t\t\t\t\t\t\n\t\t\t\t\t\t\t\t\t\n\t\t\t\t\t\t\t\t\t\n\t\t\t\t\t\t\t\t\t\t\t\t\t\t\t\t\t\t\n\t\t\t\t\t\t\t\t\t\t\t\t\t\t\t\t\t\t\t<div class=\"tf-button-container\">\n\t\t\t\t\t\t\t\t\t\t\t<a href=\"https:\/\/www.imagenesmdq.com\/web\/resonancia-magnetica\/\" class=\"tf-button\">Seguir Leyendo &gt;<\/a>\n\t\t\t\t\t\t\t\t\t\t<\/div>\n\t\t\t\t\t\t\t\t\t\t\n\t\t\t\t\t\t\t\t\t\n\t\t\t\t\t\t\t\t\t\t\t\t\t\t\t\t\t<\/div>\t\t\t\t\t\t\n\t\t\t\t\t\t\t<\/div>\n\t\t\t\t\t\t<\/div>\t\t\t\t\t\t\n\t\t\t\t\t\t\t\t\t\t\t\n\t\t\t\t\t\t<div class=\"item\">\n\t\t\t\t\t\t\t<div class=\"entry blog-post\">\n\t\t\t\t\t\t\t\t\t\t\t\t\t\t\t\t\n\t\t\t\t\t\t\t\t\t<div class=\"featured-post\">\n\t\t\t\t\t\t\t\t\t\t<a href=\"https:\/\/www.imagenesmdq.com\/web\/colonoscopia-virtual\/\">\n\t\t\t\t\t\t\t\t\t\t\t<img decoding=\"async\" src=\"https:\/\/www.imagenesmdq.com\/web\/wp-content\/uploads\/2023\/01\/pc_zubeldia_colonoscopia.jpg\" alt=\"image\">\t\t\t\t\t\t\t\t\t\t<\/a>\n\t\t\t\t\t\t\t\t\t<\/div>\n\t\t\t\t\t\t\t\t\n\t\t\t\t\t\t\t\t\t\n\n\t\t\t\t\t\t\t\t\n\t\t\t\t\t\t\t\t<div class=\"content\">\n\t\t\t\t\t\t\t\t\t\n\t\t\t\t\t\t\t\t\t\t\n\n\t\t\t\t\t\t\t\t\t\t\t\t\t\t\t\t\t\t\t<h2 class=\"title\"><a href=\"https:\/\/www.imagenesmdq.com\/web\/colonoscopia-virtual\/\" title=\"Colonoscop\u00eda Virtual\">Colonoscop\u00eda Virtual<\/a><\/h2>\n\t\t\t\t\t\t\t\t\t\t\t\t\t\t\t\t\t\t\t\t\t\t\n\t\t\t\t\t\t\t\t\t\n\t\t\t\t\t\t\t\t\t\n\t\t\t\t\t\t\t\t\t\t\t\t\t\t\t\t\t\t\n\t\t\t\t\t\t\t\t\t\t\t\t\t\t\t\t\t\t\t<div class=\"tf-button-container\">\n\t\t\t\t\t\t\t\t\t\t\t<a href=\"https:\/\/www.imagenesmdq.com\/web\/colonoscopia-virtual\/\" class=\"tf-button\">Seguir Leyendo &gt;<\/a>\n\t\t\t\t\t\t\t\t\t\t<\/div>\n\t\t\t\t\t\t\t\t\t\t\n\t\t\t\t\t\t\t\t\t\n\t\t\t\t\t\t\t\t\t\t\t\t\t\t\t\t\t<\/div>\t\t\t\t\t\t\n\t\t\t\t\t\t\t<\/div>\n\t\t\t\t\t\t<\/div>\t\t\t\t\t\t\n\t\t\t\t\t\t\t\t\t\t\t\t\t\t\t\t\t\t\t\t\t<\/div>\n\t\t\t\t\t\t\n\t\t\t\t<nav class=\"navigation paging-navigation numeric \"\n\t\t\t\t\trole=\"navigation\">\n\t\t\t\t\t<div class=\"pagination loop-pagination\">\n\t\t\t\t\t\t\t\t\t\t\t<\/div>\n\t\t\t\t<\/nav>\n\t\t\t\t\t\t\t\t\t<\/div>\n\t\t\t\t<\/div>\n\t\t\t\t\t<\/div>\n\t\t<\/div>\n\t\t\t\t\t<\/div>\n\t\t<\/section>\n\t\t\t\t<\/div>\n\t\t","protected":false},"excerpt":{"rendered":"<p>Les acercamos informaci\u00f3n cient\u00edfica desarrollada por nuestros especialistas en Diagn\u00f3stico por Im\u00e1genes. Biopsia Pulmonar Seguir Leyendo &gt; Resonancia Magn\u00e9tica Seguir Leyendo &gt; Colonoscop\u00eda Virtual Seguir Leyendo &gt;<\/p>\n","protected":false},"author":2,"featured_media":0,"parent":0,"menu_order":0,"comment_status":"closed","ping_status":"closed","template":"elementor_theme","meta":{"footnotes":""},"class_list":["post-6284","page","type-page","status-publish","hentry"],"_links":{"self":[{"href":"https:\/\/www.imagenesmdq.com\/web\/wp-json\/wp\/v2\/pages\/6284","targetHints":{"allow":["GET"]}}],"collection":[{"href":"https:\/\/www.imagenesmdq.com\/web\/wp-json\/wp\/v2\/pages"}],"about":[{"href":"https:\/\/www.imagenesmdq.com\/web\/wp-json\/wp\/v2\/types\/page"}],"author":[{"embeddable":true,"href":"https:\/\/www.imagenesmdq.com\/web\/wp-json\/wp\/v2\/users\/2"}],"replies":[{"embeddable":true,"href":"https:\/\/www.imagenesmdq.com\/web\/wp-json\/wp\/v2\/comments?post=6284"}],"version-history":[{"count":10,"href":"https:\/\/www.imagenesmdq.com\/web\/wp-json\/wp\/v2\/pages\/6284\/revisions"}],"predecessor-version":[{"id":6636,"href":"https:\/\/www.imagenesmdq.com\/web\/wp-json\/wp\/v2\/pages\/6284\/revisions\/6636"}],"wp:attachment":[{"href":"https:\/\/www.imagenesmdq.com\/web\/wp-json\/wp\/v2\/media?parent=6284"}],"curies":[{"name":"wp","href":"https:\/\/api.w.org\/{rel}","templated":true}]}}