{"id":6265,"date":"2023-01-09T15:40:53","date_gmt":"2023-01-09T15:40:53","guid":{"rendered":"https:\/\/www.imagenesmdq.com\/intranet\/?page_id=6265"},"modified":"2025-11-19T18:00:03","modified_gmt":"2025-11-19T18:00:03","slug":"sedes","status":"publish","type":"page","link":"https:\/\/www.imagenesmdq.com\/web\/sedes\/","title":{"rendered":"Sedes"},"content":{"rendered":"<h2>Ac\u00e9rquese a cualquiera de <b>nuestras sedes<\/b><\/h2>\n<h2>Sede Col\u00f3n<\/h2>\n<p><b>Servicios:<\/b><\/p>\n<ul>\n<li>Radiolog\u00eda Digital.<\/li>\n<li>Mamograf\u00eda Digital.<\/li>\n<li>Densitometr\u00eda \u00d3sea.<\/li>\n<li>Tomograf\u00eda Computada.<\/li>\n<li>Resonancia Magn\u00e9tica.<\/li>\n<\/ul>\n<ul>\n<li>Ecograf\u00eda General y Doppler.<\/li>\n<li>Ecocardiograf\u00eda.<\/li>\n<li>Medicina Nuclear.<\/li>\n<li>Hemodinamia.<\/li>\n<\/ul>\n<p>\t\t\t\t\t<a href=\"\/intranet\/turnos\/\" target=\"_blank\"><br \/>\n\t\t\t\t\t\t\t\t\tTURNOS<br \/>\n\t\t\t\t\t<\/a><br \/>\n\t\t\t<iframe src=\"https:\/\/www.google.com\/maps\/embed?pb=!1m14!1m8!1m3!1d25152.850724790336!2d-57.560481!3d-37.99798!3m2!1i1024!2i768!4f13.1!3m3!1m2!1s0x9584deac3e586685%3A0x75cd3d88921ecfd0!2zSW3DoWdlbmVzIENvbMOzbg!5e0!3m2!1ses!2sar!4v1675430315919!5m2!1ses!2sar\" width=\"400\" height=\"300\" style=\"border:0;\" allowfullscreen=\"\" loading=\"lazy\" referrerpolicy=\"no-referrer-when-downgrade\"><\/iframe>\t\t<\/p>\n<p><strong>SUB SEDE CENTRO DE LA MUJER<br \/><\/strong><b>Servicios:<\/b><\/p>\n<ul>\n<li>Mamograf\u00eda Digital.<\/li>\n<li>Ecograf\u00eda General y Doppler.<\/li>\n<li>Densitometr\u00eda \u00d3sea.<\/li>\n<\/ul>\n<p>\t\t\t\t\t<a href=\"\/intranet\/turnos\/\" target=\"_blank\"><br \/>\n\t\t\t\t\t\t\t\t\tTURNOS<br \/>\n\t\t\t\t\t<\/a><br \/>\n\t\t\t<iframe src=\"https:\/\/www.google.com\/maps\/embed?pb=!1m14!1m8!1m3!1d3144.103939880692!2d-57.560256!3d-37.998036!3m2!1i1024!2i768!4f13.1!3m3!1m2!1s0x0%3A0xbefd616bccb6c543!2sCentro%20de%20la%20Mujer!5e0!3m2!1ses-419!2sar!4v1673279670068!5m2!1ses-419!2sar\" width=\"600\" height=\"310\" style=\"border:0;\" allowfullscreen=\"\" loading=\"lazy\" referrerpolicy=\"no-referrer-when-downgrade\"><\/iframe>\t\t<\/p>\n<h2>Sede Pueyrred\u00f3n<\/h2>\n<p><b>Servicios:<\/b><\/p>\n<ul>\n<li>Radiolog\u00eda Digital.<\/li>\n<li>Tomograf\u00eda Computada.<\/li>\n<li>Resonancia Magn\u00e9tica.<\/li>\n<li>Ecograf\u00eda General y Doppler.<\/li>\n<\/ul>\n<p>\t\t\t\t\t<a href=\"\/intranet\/turnos\/\" target=\"_blank\"><br \/>\n\t\t\t\t\t\t\t\t\tTURNOS<br \/>\n\t\t\t\t\t<\/a><br \/>\n\t\t\t<iframe src=\"https:\/\/www.google.com\/maps\/embed?pb=!1m14!1m8!1m3!1d25152.466605329013!2d-57.55789899999999!3d-37.9991!3m2!1i1024!2i768!4f13.1!3m3!1m2!1s0x0%3A0x352c2e675c2adf02!2sIm%C3%A1genes%20Pueyrredon!5e0!3m2!1ses-419!2sar!4v1673279312728!5m2!1ses-419!2sar\" width=\"600\" height=\"310\" style=\"border:0;\" allowfullscreen=\"\" loading=\"lazy\" referrerpolicy=\"no-referrer-when-downgrade\"><\/iframe>\t\t<\/p>\n<h2>Sede IGM<\/h2>\n<p><strong>SUB SEDE IM\u00c1GENES FEM<br \/><\/strong><strong>Servicios:<\/strong><\/p>\n<ul>\n<li>Mamograf\u00eda.<\/li>\n<li>Ecograf\u00eda.<\/li>\n<li>Densitometr\u00eda \u00f3sea.<\/li>\n<li>Intervencionismo Mamario.<\/li>\n<\/ul>\n<p>\t\t\t\t\t<a href=\"\/intranet\/turnos\/\" target=\"_blank\"><br \/>\n\t\t\t\t\t\t\t\t\tTURNOS<br \/>\n\t\t\t\t\t<\/a><br \/>\n\t\t\t<iframe src=\"https:\/\/www.google.com\/maps\/embed?pb=!1m14!1m8!1m3!1d25152.535198794863!2d-57.557212!3d-37.9989!3m2!1i1024!2i768!4f13.1!3m3!1m2!1s0x0%3A0xfd6cb22c416b1cca!2sIm%C3%A1genes%20FEM!5e0!3m2!1ses-419!2sar!4v1673279425999!5m2!1ses-419!2sar\" width=\"600\" height=\"310\" style=\"border:0;\" allowfullscreen=\"\" loading=\"lazy\" referrerpolicy=\"no-referrer-when-downgrade\"><\/iframe>\t\t<\/p>\n<p><strong>SUB SEDE IM\u00c1GENES PET<\/strong><br \/><b>Servicios:<\/b><\/p>\n<ul>\n<li>PET\/CT.<\/li>\n<\/ul>\n<p>\t\t\t\t\t<a href=\"\/intranet\/turnos\/\" target=\"_blank\"><br \/>\n\t\t\t\t\t\t\t\t\tTURNOS<br \/>\n\t\t\t\t\t<\/a><br \/>\n\t\t\t<iframe src=\"https:\/\/www.google.com\/maps\/embed?pb=!1m14!1m8!1m3!1d25152.535198794863!2d-57.557212!3d-37.9989!3m2!1i1024!2i768!4f13.1!3m3!1m2!1s0x0%3A0x4dc649c2acabe5dc!2sIm%C3%A1genes%20PET!5e0!3m2!1ses-419!2sar!4v1673279562941!5m2!1ses-419!2sar\" width=\"600\" height=\"310\" style=\"border:0;\" allowfullscreen=\"\" loading=\"lazy\" referrerpolicy=\"no-referrer-when-downgrade\"><\/iframe>\t\t<\/p>\n<h2>Sede Belgrano<\/h2>\n<p><b>Servicios:<\/b><\/p>\n<ul>\n<li>Tomograf\u00eda Computada.<\/li>\n<li>Mamograf\u00eda Digital.<\/li>\n<li>Radiolog\u00eda Digital.<\/li>\n<li>Ecograf\u00eda General y Doppler.<\/li>\n<\/ul>\n<p>\t\t\t\t\t<a href=\"\/intranet\/turnos\/\" target=\"_blank\"><br \/>\n\t\t\t\t\t\t\t\t\tTURNOS<br \/>\n\t\t\t\t\t<\/a><br \/>\n\t\t\t<iframe src=\"https:\/\/www.google.com\/maps\/embed?pb=!1m14!1m8!1m3!1d25154.88811204275!2d-57.565473!3d-37.992039!3m2!1i1024!2i768!4f13.1!3m3!1m2!1s0x0%3A0x3908d094a51fe78d!2sIm%C3%A1genes%20Belgrano!5e0!3m2!1ses-419!2sar!4v1673279611667!5m2!1ses-419!2sar\" width=\"600\" height=\"310\" style=\"border:0;\" allowfullscreen=\"\" loading=\"lazy\" referrerpolicy=\"no-referrer-when-downgrade\"><\/iframe>\t\t<\/p>\n<h2>Sede Paseo Aldrey<\/h2>\n<p><b>Servicios:<\/b><\/p>\n<ul>\n<li>Mamograf\u00eda.<\/li>\n<li>Ecograf\u00eda.<\/li>\n<li>Radiolog\u00eda.<\/li>\n<li>Resonancia magn\u00e9tica con inteligencia artificial.<\/li>\n<li>Tomograf\u00eda Computada.<\/li>\n<\/ul>\n<p>\t\t\t\t\t<a href=\"\/intranet\/turnos\/\" target=\"_blank\"><br \/>\n\t\t\t\t\t\t\t\t\tTURNOS<br \/>\n\t\t\t\t\t<\/a><br \/>\n\t\t\t<iframe src=\"https:\/\/www.google.com\/maps\/embed?pb=!1m18!1m12!1m3!1d3143.4924735267696!2d-57.543921000000005!3d-38.012297!2m3!1f0!2f0!3f0!3m2!1i1024!2i768!4f13.1!3m3!1m2!1s0x9584dc236f80b29d%3A0x38c968d4d3626b6f!2sPaseo%20Aldrey%20Shopping!5e0!3m2!1ses-419!2sar!4v1694438384792!5m2!1ses-419!2sar\" width400\" height=\"300\" style=\"border:0;\" allowfullscreen=\"\" loading=\"lazy\" referrerpolicy=\"no-referrer-when-downgrade\"><\/iframe>\t\t<\/p>\n<h2>Tecnolog\u00eda + Alto Nivel Profesional<\/h2>\n","protected":false},"excerpt":{"rendered":"<p>Ac\u00e9rquese a cualquiera de nuestras sedes Sede Col\u00f3n Servicios: Radiolog\u00eda Digital. Mamograf\u00eda Digital. Densitometr\u00eda \u00d3sea. Tomograf\u00eda Computada. Resonancia Magn\u00e9tica. Ecograf\u00eda General y Doppler. Ecocardiograf\u00eda. Medicina Nuclear. Hemodinamia. TURNOS SUB SEDE CENTRO DE LA MUJERServicios: Mamograf\u00eda Digital. Ecograf\u00eda General y Doppler. Densitometr\u00eda \u00d3sea. TURNOS Sede Pueyrred\u00f3n Servicios: Radiolog\u00eda [&hellip;]<\/p>\n","protected":false},"author":2,"featured_media":0,"parent":0,"menu_order":0,"comment_status":"closed","ping_status":"closed","template":"elementor_header_footer","meta":{"footnotes":""},"class_list":["post-6265","page","type-page","status-publish","hentry"],"_links":{"self":[{"href":"https:\/\/www.imagenesmdq.com\/web\/wp-json\/wp\/v2\/pages\/6265","targetHints":{"allow":["GET"]}}],"collection":[{"href":"https:\/\/www.imagenesmdq.com\/web\/wp-json\/wp\/v2\/pages"}],"about":[{"href":"https:\/\/www.imagenesmdq.com\/web\/wp-json\/wp\/v2\/types\/page"}],"author":[{"embeddable":true,"href":"https:\/\/www.imagenesmdq.com\/web\/wp-json\/wp\/v2\/users\/2"}],"replies":[{"embeddable":true,"href":"https:\/\/www.imagenesmdq.com\/web\/wp-json\/wp\/v2\/comments?post=6265"}],"version-history":[{"count":116,"href":"https:\/\/www.imagenesmdq.com\/web\/wp-json\/wp\/v2\/pages\/6265\/revisions"}],"predecessor-version":[{"id":8398,"href":"https:\/\/www.imagenesmdq.com\/web\/wp-json\/wp\/v2\/pages\/6265\/revisions\/8398"}],"wp:attachment":[{"href":"https:\/\/www.imagenesmdq.com\/web\/wp-json\/wp\/v2\/media?parent=6265"}],"curies":[{"name":"wp","href":"https:\/\/api.w.org\/{rel}","templated":true}]}}