{"id":1914,"date":"2022-04-07T09:03:24","date_gmt":"2022-04-07T09:03:24","guid":{"rendered":"https:\/\/bixoswp.themesflat.com\/?page_id=1914"},"modified":"2023-04-20T14:23:17","modified_gmt":"2023-04-20T14:23:17","slug":"blog-grid-sidebar-right","status":"publish","type":"page","link":"https:\/\/www.imagenesmdq.com\/web\/blog-grid-sidebar-right\/","title":{"rendered":"Novedades"},"content":{"rendered":"\t\t<div data-elementor-type=\"wp-page\" data-elementor-id=\"1914\" class=\"elementor elementor-1914\">\n\t\t\t\t\t\t<section class=\"elementor-section elementor-top-section elementor-element elementor-element-b50b084 elementor-section-boxed elementor-section-height-default elementor-section-height-default exad-glass-effect-no exad-sticky-section-no\" data-id=\"b50b084\" data-element_type=\"section\">\n\t\t\t\t\t\t<div class=\"elementor-container elementor-column-gap-default\">\n\t\t\t\t\t<div class=\"elementor-column elementor-col-100 elementor-top-column elementor-element elementor-element-517d451 exad-glass-effect-no exad-sticky-section-no\" data-id=\"517d451\" data-element_type=\"column\">\n\t\t\t<div class=\"elementor-widget-wrap elementor-element-populated\">\n\t\t\t\t\t\t<div class=\"elementor-element elementor-element-abaff98 exad-sticky-section-no exad-glass-effect-no elementor-widget elementor-widget-heading\" data-id=\"abaff98\" data-element_type=\"widget\" data-widget_type=\"heading.default\">\n\t\t\t\t<div class=\"elementor-widget-container\">\n\t\t\t\t\t<h2 class=\"elementor-heading-title elementor-size-default\">Nos interesa el bienestar y la salud de nuestra comunidad.<\/h2>\t\t\t\t<\/div>\n\t\t\t\t<\/div>\n\t\t\t\t<div class=\"elementor-element elementor-element-42373ee exad-sticky-section-no exad-glass-effect-no elementor-widget elementor-widget-text-editor\" data-id=\"42373ee\" data-element_type=\"widget\" data-widget_type=\"text-editor.default\">\n\t\t\t\t<div class=\"elementor-widget-container\">\n\t\t\t\t\t\t\t\t\t<p><br \/>Les acercamos novedades, cursos e informaci\u00f3n sobre temas de salud y vida sana.<br \/><br \/><\/p>\t\t\t\t\t\t\t\t<\/div>\n\t\t\t\t<\/div>\n\t\t\t\t\t<\/div>\n\t\t<\/div>\n\t\t\t\t\t<\/div>\n\t\t<\/section>\n\t\t\t\t<section class=\"elementor-section elementor-top-section elementor-element elementor-element-806d1b3 elementor-section-boxed elementor-section-height-default elementor-section-height-default exad-glass-effect-no exad-sticky-section-no\" data-id=\"806d1b3\" data-element_type=\"section\">\n\t\t\t\t\t\t<div class=\"elementor-container elementor-column-gap-no\">\n\t\t\t\t\t<div class=\"elementor-column elementor-col-100 elementor-top-column elementor-element elementor-element-67a1a25 exad-glass-effect-no exad-sticky-section-no\" data-id=\"67a1a25\" data-element_type=\"column\">\n\t\t\t<div class=\"elementor-widget-wrap elementor-element-populated\">\n\t\t\t\t\t\t<div class=\"elementor-element elementor-element-6128370 exad-sticky-section-no exad-glass-effect-no elementor-widget elementor-widget-tfposts\" data-id=\"6128370\" data-element_type=\"widget\" data-widget_type=\"tfposts.default\">\n\t\t\t\t<div class=\"elementor-widget-container\">\n\t\t\t\t\t\t\t\t<div id=\"tf-posts-6128370\" class=\"tf-posts style1 column-3 tablet-column-2 mobile-column-1 no-carousel\" data-tabid=\"6128370\" data-loop=\"\" data-auto=\"\" data-column=\"\" data-column2=\"\" data-column3=\"\" data-prev_icon=\"\" data-next_icon=\"\" data-arrow=\"\" data-bullets=\"\" >\n\t\t\t\t\t\t\t\t\t\t\t\t\t\t\t\n\t\t\t\t\t\t<div class=\"item\">\n\t\t\t\t\t\t\t<div class=\"entry blog-post\">\n\t\t\t\t\t\t\t\t\t\t\t\t\t\t\t\t\n\t\t\t\t\t\t\t\t\t<div class=\"featured-post\">\n\t\t\t\t\t\t\t\t\t\t<a href=\"https:\/\/www.imagenesmdq.com\/web\/nuevos-servicios-en-la-sede-aldrey-2-2-2-2-2-2-2-2-2-2-2-2-2-2-2-4-4-2-2-2-2-2-2-2-2-2-2-2-2-2-2-2\/\">\n\t\t\t\t\t\t\t\t\t\t\t<img decoding=\"async\" src=\"https:\/\/www.imagenesmdq.com\/web\/wp-content\/uploads\/elementor\/thumbs\/WhatsApp-Image-2026-04-22-at-09.09.50-rmdrwapfhg8a93q89swhccwj99rl58sxvh2fxmr1lc.jpeg\" alt=\"image\">\t\t\t\t\t\t\t\t\t\t<\/a>\n\t\t\t\t\t\t\t\t\t<\/div>\n\t\t\t\t\t\t\t\t\n\t\t\t\t\t\t\t\t\t\n\n\t\t\t\t\t\t\t\t\n\t\t\t\t\t\t\t\t<div class=\"content\">\n\t\t\t\t\t\t\t\t\t\n\t\t\t\t\t\t\t\t\t\t\n\n\t\t\t\t\t\t\t\t\t\t\t\t\t\t\t\t\t\t\t<h2 class=\"title\"><a href=\"https:\/\/www.imagenesmdq.com\/web\/nuevos-servicios-en-la-sede-aldrey-2-2-2-2-2-2-2-2-2-2-2-2-2-2-2-4-4-2-2-2-2-2-2-2-2-2-2-2-2-2-2-2\/\" title=\"Charla de Salud para Asdemar\">Charla de Salud para Asdemar<\/a><\/h2>\n\t\t\t\t\t\t\t\t\t\t\t\t\t\t\t\t\t\t\t\t\t\t\n\t\t\t\t\t\t\t\t\t\n\t\t\t\t\t\t\t\t\t\n\t\t\t\t\t\t\t\t\t\t\t\t\t\t\t\t\t\t\t<div class=\"content-post\">Desde Im\u00e1genes MDQ celebramos nuestro segundo a\u00f1o brindando una charla junto a ASDEMAR \ud83d\udc99,<\/div>\n\t\t\t\t\t\t\t\t\t\t\t\t\t\t\t\t\t\t\n\t\t\t\t\t\t\t\t\t\t\t\t\t\t\t\t\t\t\t<div class=\"tf-button-container\">\n\t\t\t\t\t\t\t\t\t\t\t<a href=\"https:\/\/www.imagenesmdq.com\/web\/nuevos-servicios-en-la-sede-aldrey-2-2-2-2-2-2-2-2-2-2-2-2-2-2-2-4-4-2-2-2-2-2-2-2-2-2-2-2-2-2-2-2\/\" class=\"tf-button\">SEGUIR LEYENDO &gt;<\/a>\n\t\t\t\t\t\t\t\t\t\t<\/div>\n\t\t\t\t\t\t\t\t\t\t\n\t\t\t\t\t\t\t\t\t\n\t\t\t\t\t\t\t\t\t\t\t\t\t\t\t\t\t<\/div>\t\t\t\t\t\t\n\t\t\t\t\t\t\t<\/div>\n\t\t\t\t\t\t<\/div>\t\t\t\t\t\t\n\t\t\t\t\t\t\t\t\t\t\t\n\t\t\t\t\t\t<div class=\"item\">\n\t\t\t\t\t\t\t<div class=\"entry blog-post\">\n\t\t\t\t\t\t\t\t\t\t\t\t\t\t\t\t\n\t\t\t\t\t\t\t\t\t<div class=\"featured-post\">\n\t\t\t\t\t\t\t\t\t\t<a href=\"https:\/\/www.imagenesmdq.com\/web\/nuevos-servicios-en-la-sede-aldrey-2-2-2-2-2-2-2-2-2-2-2-2-2-2-2-4-4-2-2-2-2-2-2-2-2-2-2-2-2-2-2\/\">\n\t\t\t\t\t\t\t\t\t\t\t<img decoding=\"async\" src=\"https:\/\/www.imagenesmdq.com\/web\/wp-content\/uploads\/elementor\/thumbs\/WhatsApp-Image-2026-04-15-at-12.47.25-rm1tli0a2whvlmz4nbjeswnnxnxmbqev35a6k53zdc.jpeg\" alt=\"image\">\t\t\t\t\t\t\t\t\t\t<\/a>\n\t\t\t\t\t\t\t\t\t<\/div>\n\t\t\t\t\t\t\t\t\n\t\t\t\t\t\t\t\t\t\n\n\t\t\t\t\t\t\t\t\n\t\t\t\t\t\t\t\t<div class=\"content\">\n\t\t\t\t\t\t\t\t\t\n\t\t\t\t\t\t\t\t\t\t\n\n\t\t\t\t\t\t\t\t\t\t\t\t\t\t\t\t\t\t\t<h2 class=\"title\"><a href=\"https:\/\/www.imagenesmdq.com\/web\/nuevos-servicios-en-la-sede-aldrey-2-2-2-2-2-2-2-2-2-2-2-2-2-2-2-4-4-2-2-2-2-2-2-2-2-2-2-2-2-2-2\/\" title=\"\u00a1Im\u00e1genes Mdq acompa\u00f1ando a la PETRUN!\">\u00a1Im\u00e1genes Mdq acompa\u00f1ando a la PETRUN!<\/a><\/h2>\n\t\t\t\t\t\t\t\t\t\t\t\t\t\t\t\t\t\t\t\t\t\t\n\t\t\t\t\t\t\t\t\t\n\t\t\t\t\t\t\t\t\t\n\t\t\t\t\t\t\t\t\t\t\t\t\t\t\t\t\t\t\t<div class=\"content-post\">Desde Im\u00e1genes MDQ es un honor estar presentes, como cada a\u00f1o, en el evento<\/div>\n\t\t\t\t\t\t\t\t\t\t\t\t\t\t\t\t\t\t\n\t\t\t\t\t\t\t\t\t\t\t\t\t\t\t\t\t\t\t<div class=\"tf-button-container\">\n\t\t\t\t\t\t\t\t\t\t\t<a href=\"https:\/\/www.imagenesmdq.com\/web\/nuevos-servicios-en-la-sede-aldrey-2-2-2-2-2-2-2-2-2-2-2-2-2-2-2-4-4-2-2-2-2-2-2-2-2-2-2-2-2-2-2\/\" class=\"tf-button\">SEGUIR LEYENDO &gt;<\/a>\n\t\t\t\t\t\t\t\t\t\t<\/div>\n\t\t\t\t\t\t\t\t\t\t\n\t\t\t\t\t\t\t\t\t\n\t\t\t\t\t\t\t\t\t\t\t\t\t\t\t\t\t<\/div>\t\t\t\t\t\t\n\t\t\t\t\t\t\t<\/div>\n\t\t\t\t\t\t<\/div>\t\t\t\t\t\t\n\t\t\t\t\t\t\t\t\t\t\t\n\t\t\t\t\t\t<div class=\"item\">\n\t\t\t\t\t\t\t<div class=\"entry blog-post\">\n\t\t\t\t\t\t\t\t\t\t\t\t\t\t\t\t\n\t\t\t\t\t\t\t\t\t<div class=\"featured-post\">\n\t\t\t\t\t\t\t\t\t\t<a href=\"https:\/\/www.imagenesmdq.com\/web\/nuevos-servicios-en-la-sede-aldrey-2-2-2-2-2-2-2-2-2-2-2-2-2-2-2-4-4-2-2-2-2-2-2-2-2-2-2-2-2-2\/\">\n\t\t\t\t\t\t\t\t\t\t\t<img decoding=\"async\" src=\"https:\/\/www.imagenesmdq.com\/web\/wp-content\/uploads\/elementor\/thumbs\/WhatsApp-Image-2026-03-23-at-08.55.16-rkxi8jtbbrmfpphntfa6cqwxxccuqzpc6ut4zb5djk.jpeg\" alt=\"image\">\t\t\t\t\t\t\t\t\t\t<\/a>\n\t\t\t\t\t\t\t\t\t<\/div>\n\t\t\t\t\t\t\t\t\n\t\t\t\t\t\t\t\t\t\n\n\t\t\t\t\t\t\t\t\n\t\t\t\t\t\t\t\t<div class=\"content\">\n\t\t\t\t\t\t\t\t\t\n\t\t\t\t\t\t\t\t\t\t\n\n\t\t\t\t\t\t\t\t\t\t\t\t\t\t\t\t\t\t\t<h2 class=\"title\"><a href=\"https:\/\/www.imagenesmdq.com\/web\/nuevos-servicios-en-la-sede-aldrey-2-2-2-2-2-2-2-2-2-2-2-2-2-2-2-4-4-2-2-2-2-2-2-2-2-2-2-2-2-2\/\" title=\"\u00a1Im\u00e1genes Mdq acompa\u00f1ando ASDEMAR!\">\u00a1Im\u00e1genes Mdq acompa\u00f1ando ASDEMAR!<\/a><\/h2>\n\t\t\t\t\t\t\t\t\t\t\t\t\t\t\t\t\t\t\t\t\t\t\n\t\t\t\t\t\t\t\t\t\n\t\t\t\t\t\t\t\t\t\n\t\t\t\t\t\t\t\t\t\t\t\t\t\t\t\t\t\t\t<div class=\"content-post\">\u00a0\u00a1As\u00ed se vivi\u00f3 la Correcaminata! \ud83c\udfc3\u200d\u2642\ufe0f\ud83d\udc99Desde Im\u00e1genes Mdq siempre apoyamos a ASDEMAR en este<\/div>\n\t\t\t\t\t\t\t\t\t\t\t\t\t\t\t\t\t\t\n\t\t\t\t\t\t\t\t\t\t\t\t\t\t\t\t\t\t\t<div class=\"tf-button-container\">\n\t\t\t\t\t\t\t\t\t\t\t<a href=\"https:\/\/www.imagenesmdq.com\/web\/nuevos-servicios-en-la-sede-aldrey-2-2-2-2-2-2-2-2-2-2-2-2-2-2-2-4-4-2-2-2-2-2-2-2-2-2-2-2-2-2\/\" class=\"tf-button\">SEGUIR LEYENDO &gt;<\/a>\n\t\t\t\t\t\t\t\t\t\t<\/div>\n\t\t\t\t\t\t\t\t\t\t\n\t\t\t\t\t\t\t\t\t\n\t\t\t\t\t\t\t\t\t\t\t\t\t\t\t\t\t<\/div>\t\t\t\t\t\t\n\t\t\t\t\t\t\t<\/div>\n\t\t\t\t\t\t<\/div>\t\t\t\t\t\t\n\t\t\t\t\t\t\t\t\t\t\t\n\t\t\t\t\t\t<div class=\"item\">\n\t\t\t\t\t\t\t<div class=\"entry blog-post\">\n\t\t\t\t\t\t\t\t\t\t\t\t\t\t\t\t\n\t\t\t\t\t\t\t\t\t<div class=\"featured-post\">\n\t\t\t\t\t\t\t\t\t\t<a href=\"https:\/\/www.imagenesmdq.com\/web\/nuevos-servicios-en-la-sede-aldrey-2-2-2-2-2-2-2-2-2-2-2-2-2-2-2-4-4-2-2-2-2-2-2-2-2-2-2-2-2\/\">\n\t\t\t\t\t\t\t\t\t\t\t<img decoding=\"async\" src=\"https:\/\/www.imagenesmdq.com\/web\/wp-content\/uploads\/elementor\/thumbs\/WhatsApp-Image-2026-03-10-at-09.57.20-rkazd25w42o94brbm8pxu49mf9hw8hie2e64r1nv80.jpeg\" alt=\"image\">\t\t\t\t\t\t\t\t\t\t<\/a>\n\t\t\t\t\t\t\t\t\t<\/div>\n\t\t\t\t\t\t\t\t\n\t\t\t\t\t\t\t\t\t\n\n\t\t\t\t\t\t\t\t\n\t\t\t\t\t\t\t\t<div class=\"content\">\n\t\t\t\t\t\t\t\t\t\n\t\t\t\t\t\t\t\t\t\t\n\n\t\t\t\t\t\t\t\t\t\t\t\t\t\t\t\t\t\t\t<h2 class=\"title\"><a href=\"https:\/\/www.imagenesmdq.com\/web\/nuevos-servicios-en-la-sede-aldrey-2-2-2-2-2-2-2-2-2-2-2-2-2-2-2-4-4-2-2-2-2-2-2-2-2-2-2-2-2\/\" title=\"\u00a18 de Marzo : D\u00eda de la mujer!\">\u00a18 de Marzo : D\u00eda de la mujer!<\/a><\/h2>\n\t\t\t\t\t\t\t\t\t\t\t\t\t\t\t\t\t\t\t\t\t\t\n\t\t\t\t\t\t\t\t\t\n\t\t\t\t\t\t\t\t\t\n\t\t\t\t\t\t\t\t\t\t\t\t\t\t\t\t\t\t\t<div class=\"content-post\">En el marco del D\u00eda de la Mujer estuvimos recorriendo las sedes de Im\u00e1genes<\/div>\n\t\t\t\t\t\t\t\t\t\t\t\t\t\t\t\t\t\t\n\t\t\t\t\t\t\t\t\t\t\t\t\t\t\t\t\t\t\t<div class=\"tf-button-container\">\n\t\t\t\t\t\t\t\t\t\t\t<a href=\"https:\/\/www.imagenesmdq.com\/web\/nuevos-servicios-en-la-sede-aldrey-2-2-2-2-2-2-2-2-2-2-2-2-2-2-2-4-4-2-2-2-2-2-2-2-2-2-2-2-2\/\" class=\"tf-button\">SEGUIR LEYENDO &gt;<\/a>\n\t\t\t\t\t\t\t\t\t\t<\/div>\n\t\t\t\t\t\t\t\t\t\t\n\t\t\t\t\t\t\t\t\t\n\t\t\t\t\t\t\t\t\t\t\t\t\t\t\t\t\t<\/div>\t\t\t\t\t\t\n\t\t\t\t\t\t\t<\/div>\n\t\t\t\t\t\t<\/div>\t\t\t\t\t\t\n\t\t\t\t\t\t\t\t\t\t\t\n\t\t\t\t\t\t<div class=\"item\">\n\t\t\t\t\t\t\t<div class=\"entry blog-post\">\n\t\t\t\t\t\t\t\t\t\t\t\t\t\t\t\t\n\t\t\t\t\t\t\t\t\t<div class=\"featured-post\">\n\t\t\t\t\t\t\t\t\t\t<a href=\"https:\/\/www.imagenesmdq.com\/web\/nuevos-servicios-en-la-sede-aldrey-2-2-2-2-2-2-2-2-2-2-2-2-2-2-2-4-4-2-2-2-2-2-2-2-2-2-2-2\/\">\n\t\t\t\t\t\t\t\t\t\t\t<img decoding=\"async\" src=\"https:\/\/www.imagenesmdq.com\/web\/wp-content\/uploads\/elementor\/thumbs\/WhatsApp-Image-2026-02-23-at-09.55.28-2-1-rjkva3cio07b6sk1rxltyrubwv69vg9zf9bcbiyu34.jpeg\" alt=\"image\">\t\t\t\t\t\t\t\t\t\t<\/a>\n\t\t\t\t\t\t\t\t\t<\/div>\n\t\t\t\t\t\t\t\t\n\t\t\t\t\t\t\t\t\t\n\n\t\t\t\t\t\t\t\t\n\t\t\t\t\t\t\t\t<div class=\"content\">\n\t\t\t\t\t\t\t\t\t\n\t\t\t\t\t\t\t\t\t\t\n\n\t\t\t\t\t\t\t\t\t\t\t\t\t\t\t\t\t\t\t<h2 class=\"title\"><a href=\"https:\/\/www.imagenesmdq.com\/web\/nuevos-servicios-en-la-sede-aldrey-2-2-2-2-2-2-2-2-2-2-2-2-2-2-2-4-4-2-2-2-2-2-2-2-2-2-2-2\/\" title=\"\u00a1Ultimo d\u00eda de Stream!\">\u00a1Ultimo d\u00eda de Stream!<\/a><\/h2>\n\t\t\t\t\t\t\t\t\t\t\t\t\t\t\t\t\t\t\t\t\t\t\n\t\t\t\t\t\t\t\t\t\n\t\t\t\t\t\t\t\t\t\n\t\t\t\t\t\t\t\t\t\t\t\t\t\t\t\t\t\t\t<div class=\"content-post\">Hoy fue el \u00faltimo d\u00eda en el que estuvimos presentes en el stream de<\/div>\n\t\t\t\t\t\t\t\t\t\t\t\t\t\t\t\t\t\t\n\t\t\t\t\t\t\t\t\t\t\t\t\t\t\t\t\t\t\t<div class=\"tf-button-container\">\n\t\t\t\t\t\t\t\t\t\t\t<a href=\"https:\/\/www.imagenesmdq.com\/web\/nuevos-servicios-en-la-sede-aldrey-2-2-2-2-2-2-2-2-2-2-2-2-2-2-2-4-4-2-2-2-2-2-2-2-2-2-2-2\/\" class=\"tf-button\">SEGUIR LEYENDO &gt;<\/a>\n\t\t\t\t\t\t\t\t\t\t<\/div>\n\t\t\t\t\t\t\t\t\t\t\n\t\t\t\t\t\t\t\t\t\n\t\t\t\t\t\t\t\t\t\t\t\t\t\t\t\t\t<\/div>\t\t\t\t\t\t\n\t\t\t\t\t\t\t<\/div>\n\t\t\t\t\t\t<\/div>\t\t\t\t\t\t\n\t\t\t\t\t\t\t\t\t\t\t\n\t\t\t\t\t\t<div class=\"item\">\n\t\t\t\t\t\t\t<div class=\"entry blog-post\">\n\t\t\t\t\t\t\t\t\t\t\t\t\t\t\t\t\n\t\t\t\t\t\t\t\t\t<div class=\"featured-post\">\n\t\t\t\t\t\t\t\t\t\t<a href=\"https:\/\/www.imagenesmdq.com\/web\/nuevos-servicios-en-la-sede-aldrey-2-2-2-2-2-2-2-2-2-2-2-2-2-2-2-4-4-2-2-2-2-2-2-2-2-2-2\/\">\n\t\t\t\t\t\t\t\t\t\t\t<img decoding=\"async\" src=\"https:\/\/www.imagenesmdq.com\/web\/wp-content\/uploads\/elementor\/thumbs\/WhatsApp-Image-2026-02-23-at-08.37.40-7-1-rjktixkxfrqp22atl4rax7maxshdnmjaen7sf6m66o.jpeg\" alt=\"image\">\t\t\t\t\t\t\t\t\t\t<\/a>\n\t\t\t\t\t\t\t\t\t<\/div>\n\t\t\t\t\t\t\t\t\n\t\t\t\t\t\t\t\t\t\n\n\t\t\t\t\t\t\t\t\n\t\t\t\t\t\t\t\t<div class=\"content\">\n\t\t\t\t\t\t\t\t\t\n\t\t\t\t\t\t\t\t\t\t\n\n\t\t\t\t\t\t\t\t\t\t\t\t\t\t\t\t\t\t\t<h2 class=\"title\"><a href=\"https:\/\/www.imagenesmdq.com\/web\/nuevos-servicios-en-la-sede-aldrey-2-2-2-2-2-2-2-2-2-2-2-2-2-2-2-4-4-2-2-2-2-2-2-2-2-2-2\/\" title=\"SCMR 29th : R\u00edo de Janeiro, Brasil\">SCMR 29th : R\u00edo de Janeiro, Brasil<\/a><\/h2>\n\t\t\t\t\t\t\t\t\t\t\t\t\t\t\t\t\t\t\t\t\t\t\n\t\t\t\t\t\t\t\t\t\n\t\t\t\t\t\t\t\t\t\n\t\t\t\t\t\t\t\t\t\t\t\t\t\t\t\t\t\t\t<div class=\"content-post\">La Dra. Luc\u00eda Rodr\u00edguez particip\u00f3 del Society for Cardiovascular Magnetic Resonance \u2013 SCMR 29th<\/div>\n\t\t\t\t\t\t\t\t\t\t\t\t\t\t\t\t\t\t\n\t\t\t\t\t\t\t\t\t\t\t\t\t\t\t\t\t\t\t<div class=\"tf-button-container\">\n\t\t\t\t\t\t\t\t\t\t\t<a href=\"https:\/\/www.imagenesmdq.com\/web\/nuevos-servicios-en-la-sede-aldrey-2-2-2-2-2-2-2-2-2-2-2-2-2-2-2-4-4-2-2-2-2-2-2-2-2-2-2\/\" class=\"tf-button\">SEGUIR LEYENDO &gt;<\/a>\n\t\t\t\t\t\t\t\t\t\t<\/div>\n\t\t\t\t\t\t\t\t\t\t\n\t\t\t\t\t\t\t\t\t\n\t\t\t\t\t\t\t\t\t\t\t\t\t\t\t\t\t<\/div>\t\t\t\t\t\t\n\t\t\t\t\t\t\t<\/div>\n\t\t\t\t\t\t<\/div>\t\t\t\t\t\t\n\t\t\t\t\t\t\t\t\t\t\t\n\t\t\t\t\t\t<div class=\"item\">\n\t\t\t\t\t\t\t<div class=\"entry blog-post\">\n\t\t\t\t\t\t\t\t\t\t\t\t\t\t\t\t\n\t\t\t\t\t\t\t\t\t<div class=\"featured-post\">\n\t\t\t\t\t\t\t\t\t\t<a href=\"https:\/\/www.imagenesmdq.com\/web\/nuevos-servicios-en-la-sede-aldrey-2-2-2-2-2-2-2-2-2-2-2-2-2-2-2-4-4-2-2-2-2-2-2-2-2-2\/\">\n\t\t\t\t\t\t\t\t\t\t\t<img decoding=\"async\" src=\"https:\/\/www.imagenesmdq.com\/web\/wp-content\/uploads\/elementor\/thumbs\/WhatsApp-Image-2026-02-08-at-12.55.34-riy8tlcjfwnd447vwhhyq76h9y6pwgxak9a7v2rjrk.jpeg\" alt=\"image\">\t\t\t\t\t\t\t\t\t\t<\/a>\n\t\t\t\t\t\t\t\t\t<\/div>\n\t\t\t\t\t\t\t\t\n\t\t\t\t\t\t\t\t\t\n\n\t\t\t\t\t\t\t\t\n\t\t\t\t\t\t\t\t<div class=\"content\">\n\t\t\t\t\t\t\t\t\t\n\t\t\t\t\t\t\t\t\t\t\n\n\t\t\t\t\t\t\t\t\t\t\t\t\t\t\t\t\t\t\t<h2 class=\"title\"><a href=\"https:\/\/www.imagenesmdq.com\/web\/nuevos-servicios-en-la-sede-aldrey-2-2-2-2-2-2-2-2-2-2-2-2-2-2-2-4-4-2-2-2-2-2-2-2-2-2\/\" title=\"\u00a1El verano y la salud!\">\u00a1El verano y la salud!<\/a><\/h2>\n\t\t\t\t\t\t\t\t\t\t\t\t\t\t\t\t\t\t\t\t\t\t\n\t\t\t\t\t\t\t\t\t\n\t\t\t\t\t\t\t\t\t\n\t\t\t\t\t\t\t\t\t\t\t\t\t\t\t\t\t\t\t<div class=\"content-post\">\ud83c\udf0a\ud83c\udf99\ufe0f Hoy estuvimos tambi\u00e9n presentes en el stream de los domingos en Cabo Largo<\/div>\n\t\t\t\t\t\t\t\t\t\t\t\t\t\t\t\t\t\t\n\t\t\t\t\t\t\t\t\t\t\t\t\t\t\t\t\t\t\t<div class=\"tf-button-container\">\n\t\t\t\t\t\t\t\t\t\t\t<a href=\"https:\/\/www.imagenesmdq.com\/web\/nuevos-servicios-en-la-sede-aldrey-2-2-2-2-2-2-2-2-2-2-2-2-2-2-2-4-4-2-2-2-2-2-2-2-2-2\/\" class=\"tf-button\">SEGUIR LEYENDO &gt;<\/a>\n\t\t\t\t\t\t\t\t\t\t<\/div>\n\t\t\t\t\t\t\t\t\t\t\n\t\t\t\t\t\t\t\t\t\n\t\t\t\t\t\t\t\t\t\t\t\t\t\t\t\t\t<\/div>\t\t\t\t\t\t\n\t\t\t\t\t\t\t<\/div>\n\t\t\t\t\t\t<\/div>\t\t\t\t\t\t\n\t\t\t\t\t\t\t\t\t\t\t\n\t\t\t\t\t\t<div class=\"item\">\n\t\t\t\t\t\t\t<div class=\"entry blog-post\">\n\t\t\t\t\t\t\t\t\t\t\t\t\t\t\t\t\n\t\t\t\t\t\t\t\t\t<div class=\"featured-post\">\n\t\t\t\t\t\t\t\t\t\t<a href=\"https:\/\/www.imagenesmdq.com\/web\/nuevos-servicios-en-la-sede-aldrey-2-2-2-2-2-2-2-2-2-2-2-2-2-2-2-4-4-2-2-2-2-2-2-2-2\/\">\n\t\t\t\t\t\t\t\t\t\t\t<img decoding=\"async\" src=\"https:\/\/www.imagenesmdq.com\/web\/wp-content\/uploads\/elementor\/thumbs\/WhatsApp-Image-2026-02-10-at-08.31.47-riy8bg2pi1t2z4ksv5493a14f5mmatvuefvrbro5w0.jpeg\" alt=\"image\">\t\t\t\t\t\t\t\t\t\t<\/a>\n\t\t\t\t\t\t\t\t\t<\/div>\n\t\t\t\t\t\t\t\t\n\t\t\t\t\t\t\t\t\t\n\n\t\t\t\t\t\t\t\t\n\t\t\t\t\t\t\t\t<div class=\"content\">\n\t\t\t\t\t\t\t\t\t\n\t\t\t\t\t\t\t\t\t\t\n\n\t\t\t\t\t\t\t\t\t\t\t\t\t\t\t\t\t\t\t<h2 class=\"title\"><a href=\"https:\/\/www.imagenesmdq.com\/web\/nuevos-servicios-en-la-sede-aldrey-2-2-2-2-2-2-2-2-2-2-2-2-2-2-2-4-4-2-2-2-2-2-2-2-2\/\" title=\"Correcaminata Dar Salud\">Correcaminata Dar Salud<\/a><\/h2>\n\t\t\t\t\t\t\t\t\t\t\t\t\t\t\t\t\t\t\t\t\t\t\n\t\t\t\t\t\t\t\t\t\n\t\t\t\t\t\t\t\t\t\n\t\t\t\t\t\t\t\t\t\t\t\t\t\t\t\t\t\t\t<div class=\"content-post\">Estuvimos acompa\u00f1ando esta hermosa iniciativa que promueve la actividad f\u00edsica, el cuidado de la<\/div>\n\t\t\t\t\t\t\t\t\t\t\t\t\t\t\t\t\t\t\n\t\t\t\t\t\t\t\t\t\t\t\t\t\t\t\t\t\t\t<div class=\"tf-button-container\">\n\t\t\t\t\t\t\t\t\t\t\t<a href=\"https:\/\/www.imagenesmdq.com\/web\/nuevos-servicios-en-la-sede-aldrey-2-2-2-2-2-2-2-2-2-2-2-2-2-2-2-4-4-2-2-2-2-2-2-2-2\/\" class=\"tf-button\">SEGUIR LEYENDO &gt;<\/a>\n\t\t\t\t\t\t\t\t\t\t<\/div>\n\t\t\t\t\t\t\t\t\t\t\n\t\t\t\t\t\t\t\t\t\n\t\t\t\t\t\t\t\t\t\t\t\t\t\t\t\t\t<\/div>\t\t\t\t\t\t\n\t\t\t\t\t\t\t<\/div>\n\t\t\t\t\t\t<\/div>\t\t\t\t\t\t\n\t\t\t\t\t\t\t\t\t\t\t\n\t\t\t\t\t\t<div class=\"item\">\n\t\t\t\t\t\t\t<div class=\"entry blog-post\">\n\t\t\t\t\t\t\t\t\t\t\t\t\t\t\t\t\n\t\t\t\t\t\t\t\t\t<div class=\"featured-post\">\n\t\t\t\t\t\t\t\t\t\t<a href=\"https:\/\/www.imagenesmdq.com\/web\/nuevos-servicios-en-la-sede-aldrey-2-2-2-2-2-2-2-2-2-2-2-2-2-2-2-4-4-2-2-2-2-2-2-2\/\">\n\t\t\t\t\t\t\t\t\t\t\t<img decoding=\"async\" src=\"https:\/\/www.imagenesmdq.com\/web\/wp-content\/uploads\/elementor\/thumbs\/WhatsApp-Image-2026-02-10-at-10.01.10-riy7uqi002xkkoumfx30rhu48jzpgjjmrqd06og4i8.jpeg\" alt=\"image\">\t\t\t\t\t\t\t\t\t\t<\/a>\n\t\t\t\t\t\t\t\t\t<\/div>\n\t\t\t\t\t\t\t\t\n\t\t\t\t\t\t\t\t\t\n\n\t\t\t\t\t\t\t\t\n\t\t\t\t\t\t\t\t<div class=\"content\">\n\t\t\t\t\t\t\t\t\t\n\t\t\t\t\t\t\t\t\t\t\n\n\t\t\t\t\t\t\t\t\t\t\t\t\t\t\t\t\t\t\t<h2 class=\"title\"><a href=\"https:\/\/www.imagenesmdq.com\/web\/nuevos-servicios-en-la-sede-aldrey-2-2-2-2-2-2-2-2-2-2-2-2-2-2-2-4-4-2-2-2-2-2-2-2\/\" title=\"4 de febrero : D\u00eda del Guardavidas\">4 de febrero : D\u00eda del Guardavidas<\/a><\/h2>\n\t\t\t\t\t\t\t\t\t\t\t\t\t\t\t\t\t\t\t\t\t\t\n\t\t\t\t\t\t\t\t\t\n\t\t\t\t\t\t\t\t\t\n\t\t\t\t\t\t\t\t\t\t\t\t\t\t\t\t\t\t\t<div class=\"content-post\">Desde Im\u00e1genes Mdq estuvimos presentes en un evento hist\u00f3rico que se realiza ininterrumpidamente hace<\/div>\n\t\t\t\t\t\t\t\t\t\t\t\t\t\t\t\t\t\t\n\t\t\t\t\t\t\t\t\t\t\t\t\t\t\t\t\t\t\t<div class=\"tf-button-container\">\n\t\t\t\t\t\t\t\t\t\t\t<a href=\"https:\/\/www.imagenesmdq.com\/web\/nuevos-servicios-en-la-sede-aldrey-2-2-2-2-2-2-2-2-2-2-2-2-2-2-2-4-4-2-2-2-2-2-2-2\/\" class=\"tf-button\">SEGUIR LEYENDO &gt;<\/a>\n\t\t\t\t\t\t\t\t\t\t<\/div>\n\t\t\t\t\t\t\t\t\t\t\n\t\t\t\t\t\t\t\t\t\n\t\t\t\t\t\t\t\t\t\t\t\t\t\t\t\t\t<\/div>\t\t\t\t\t\t\n\t\t\t\t\t\t\t<\/div>\n\t\t\t\t\t\t<\/div>\t\t\t\t\t\t\n\t\t\t\t\t\t\t\t\t\t\t\n\t\t\t\t\t\t<div class=\"item\">\n\t\t\t\t\t\t\t<div class=\"entry blog-post\">\n\t\t\t\t\t\t\t\t\t\t\t\t\t\t\t\t\n\t\t\t\t\t\t\t\t\t<div class=\"featured-post\">\n\t\t\t\t\t\t\t\t\t\t<a href=\"https:\/\/www.imagenesmdq.com\/web\/nuevos-servicios-en-la-sede-aldrey-2-2-2-2-2-2-2-2-2-2-2-2-2-2-2-4-4-2-2-2-2-2-2\/\">\n\t\t\t\t\t\t\t\t\t\t\t<img decoding=\"async\" src=\"https:\/\/www.imagenesmdq.com\/web\/wp-content\/uploads\/elementor\/thumbs\/imagen-rhxz3ss6xt9erur8pz1bny47qjrcfb6l76j2ouq21c.png\" alt=\"image\">\t\t\t\t\t\t\t\t\t\t<\/a>\n\t\t\t\t\t\t\t\t\t<\/div>\n\t\t\t\t\t\t\t\t\n\t\t\t\t\t\t\t\t\t\n\n\t\t\t\t\t\t\t\t\n\t\t\t\t\t\t\t\t<div class=\"content\">\n\t\t\t\t\t\t\t\t\t\n\t\t\t\t\t\t\t\t\t\t\n\n\t\t\t\t\t\t\t\t\t\t\t\t\t\t\t\t\t\t\t<h2 class=\"title\"><a href=\"https:\/\/www.imagenesmdq.com\/web\/nuevos-servicios-en-la-sede-aldrey-2-2-2-2-2-2-2-2-2-2-2-2-2-2-2-4-4-2-2-2-2-2-2\/\" title=\"XXVI Cena de Fundami\">XXVI Cena de Fundami<\/a><\/h2>\n\t\t\t\t\t\t\t\t\t\t\t\t\t\t\t\t\t\t\t\t\t\t\n\t\t\t\t\t\t\t\t\t\n\t\t\t\t\t\t\t\t\t\n\t\t\t\t\t\t\t\t\t\t\t\t\t\t\t\t\t\t\t<div class=\"content-post\">Nuestro staff de Im\u00e1genes MDQ fue parte de la Noche de Gala y Compromiso<\/div>\n\t\t\t\t\t\t\t\t\t\t\t\t\t\t\t\t\t\t\n\t\t\t\t\t\t\t\t\t\t\t\t\t\t\t\t\t\t\t<div class=\"tf-button-container\">\n\t\t\t\t\t\t\t\t\t\t\t<a href=\"https:\/\/www.imagenesmdq.com\/web\/nuevos-servicios-en-la-sede-aldrey-2-2-2-2-2-2-2-2-2-2-2-2-2-2-2-4-4-2-2-2-2-2-2\/\" class=\"tf-button\">SEGUIR LEYENDO &gt;<\/a>\n\t\t\t\t\t\t\t\t\t\t<\/div>\n\t\t\t\t\t\t\t\t\t\t\n\t\t\t\t\t\t\t\t\t\n\t\t\t\t\t\t\t\t\t\t\t\t\t\t\t\t\t<\/div>\t\t\t\t\t\t\n\t\t\t\t\t\t\t<\/div>\n\t\t\t\t\t\t<\/div>\t\t\t\t\t\t\n\t\t\t\t\t\t\t\t\t\t\t\t\t\t\t\t\t\t\t\t\t<\/div>\n\t\t\t\t\t\t\n\t\t\t\t<nav class=\"navigation paging-navigation numeric \"\n\t\t\t\t\trole=\"navigation\">\n\t\t\t\t\t<div class=\"pagination loop-pagination\">\n\t\t\t\t\t\t<span class=\"page-numbers current\">1<\/span>\n<a class=\"page-numbers\" href=\"https:\/\/www.imagenesmdq.com\/web\/wp-json\/wp\/v2\/pages\/1914\/page\/2\/\">2<\/a>\n<span class=\"page-numbers dots\">&hellip;<\/span>\n<a class=\"page-numbers\" href=\"https:\/\/www.imagenesmdq.com\/web\/wp-json\/wp\/v2\/pages\/1914\/page\/13\/\">13<\/a>\n<a class=\"next page-numbers\" href=\"https:\/\/www.imagenesmdq.com\/web\/wp-json\/wp\/v2\/pages\/1914\/page\/2\/\">Next +<\/a>\t\t\t\t\t<\/div>\n\t\t\t\t<\/nav>\n\t\t\t\t\t\t\t\t\t<\/div>\n\t\t\t\t<\/div>\n\t\t\t\t\t<\/div>\n\t\t<\/div>\n\t\t\t\t\t<\/div>\n\t\t<\/section>\n\t\t\t\t<\/div>\n\t\t","protected":false},"excerpt":{"rendered":"<p>Nos interesa el bienestar y la salud de nuestra comunidad. Les acercamos novedades, cursos e informaci\u00f3n sobre temas de salud y vida sana. Llev\u00e1 a Im\u00e1genes MDQ\u00a0 en tu celular Ahora pod\u00e9s acceder al Portal Mis estudios desde tu celular. Descarg\u00e1 nuestra App, ingres\u00e1 SEGUIR LEYENDO &gt; [&hellip;]<\/p>\n","protected":false},"author":2,"featured_media":0,"parent":0,"menu_order":0,"comment_status":"closed","ping_status":"closed","template":"elementor_header_footer","meta":{"footnotes":""},"class_list":["post-1914","page","type-page","status-publish","hentry"],"_links":{"self":[{"href":"https:\/\/www.imagenesmdq.com\/web\/wp-json\/wp\/v2\/pages\/1914","targetHints":{"allow":["GET"]}}],"collection":[{"href":"https:\/\/www.imagenesmdq.com\/web\/wp-json\/wp\/v2\/pages"}],"about":[{"href":"https:\/\/www.imagenesmdq.com\/web\/wp-json\/wp\/v2\/types\/page"}],"author":[{"embeddable":true,"href":"https:\/\/www.imagenesmdq.com\/web\/wp-json\/wp\/v2\/users\/2"}],"replies":[{"embeddable":true,"href":"https:\/\/www.imagenesmdq.com\/web\/wp-json\/wp\/v2\/comments?post=1914"}],"version-history":[{"count":48,"href":"https:\/\/www.imagenesmdq.com\/web\/wp-json\/wp\/v2\/pages\/1914\/revisions"}],"predecessor-version":[{"id":6853,"href":"https:\/\/www.imagenesmdq.com\/web\/wp-json\/wp\/v2\/pages\/1914\/revisions\/6853"}],"wp:attachment":[{"href":"https:\/\/www.imagenesmdq.com\/web\/wp-json\/wp\/v2\/media?parent=1914"}],"curies":[{"name":"wp","href":"https:\/\/api.w.org\/{rel}","templated":true}]}}